{"id":9,"date":"2011-12-30T13:23:19","date_gmt":"2011-12-30T13:23:19","guid":{"rendered":"http:\/\/web404.lex.servertools24.de\/?page_id=9"},"modified":"2018-08-29T01:18:26","modified_gmt":"2018-08-28T23:18:26","slug":"angebote","status":"publish","type":"page","link":"https:\/\/tz-videoproduktion.de\/?page_id=9","title":{"rendered":"Angebote"},"content":{"rendered":"<h3>Ihr Hochzeitsfilm als bleibende bewegte Erinnerung!<\/h3>\n<p>Mit professioneller Technik halte ich Ihren besonderen Hochzeitstag auf Video in\u00a0HD (High Definition)\u00a0fest und produziere Ihnen einen ansprechenden Hochzeitsfilm! Damit bleibt Ihnen der erlebnisreiche Tag in bester Erinnerung und Sie entdecken Highlights, die Ihnen an diesem Tag entgangen sind.<img loading=\"lazy\" decoding=\"async\" class=\"size-thumbnail wp-image-93 alignright\" title=\"HochzeitsDVD\" src=\"https:\/\/www.tz-videoproduktion.de\/wp-content\/uploads\/HochzeitsDVD-03-150x150.jpg\" alt=\"\" width=\"150\" height=\"150\" \/><\/p>\n<p>Unauff\u00e4llig und professionell filme ich beim Standesamt, in der Kirche und auf der Feier, damit sie keine verwackelten Aufnahmen aus der Kirchenbank bekommen. Anschlie\u00dfend wird alles kompakt und ansprechend zusammen geschnitten und eine BluRay-Disc oder DVD\u00a0mit einer individuellen H\u00fclle produziert.<\/p>\n<p>Mit verschiedenen Filmpaketen zu attraktiven Preisen k\u00f6nnen Sie den Umfang f\u00fcr Ihren Hochzeitsfilm selbst festlegen.<\/p>\n<p><a href=\"https:\/\/www.tz-videoproduktion.de\/?page_id=25\">Fragen Sie nach den Angeboten!<\/a><\/p>\n<p>&nbsp;<\/p>\n<h3>Das besondere Konfirmationsvideo<\/h3>\n<p>F\u00fcr Kirchengemeinden und privat biete ich die Produktion\u00a0in\u00a0HD (High Definition)\u00a0von einem Konfirmations-, Firmungs- oder <img loading=\"lazy\" decoding=\"async\" class=\"size-thumbnail wp-image-572 alignright\" src=\"https:\/\/tz-videoproduktion.de\/wp-content\/uploads\/Konfi-DVD-BD-01-150x150.jpg\" alt=\"Konfi-DVD-BD-01\" width=\"150\" height=\"150\" \/>Kommunionsvideo an.<\/p>\n<p>W\u00e4hrend dem Gottesdienst filme ich unauff\u00e4llig ohne St\u00f6rungen des Ablaufs, schneide es anschlie\u00dfend zu einem attraktiven Video zusammen und biete es im Anschluss auf BluRay-Disc und DVD\u00a0mit einer individuell gestalteten H\u00fclle\u00a0Ihren Gemeindemitgliedern an.<\/p>\n<p><a href=\"https:\/\/www.tz-videoproduktion.de\/?page_id=25\">Bei Interesse setzen Sie sich bitte mit mir in Verbindung!<\/a><\/p>\n<p>&nbsp;<\/p>\n<h3>Ihr altes Video im neuen Glanz!<\/h3>\n<p>Sie haben das Rohmaterial Ihrer Hochzeit daheim &#8222;herum liegen&#8220; und m\u00f6chten einen kompakten und ansprechenden Film von Ihrem besonderen Tag?<\/p>\n<p>Dann bringen Sie mir Ihr Material und ich produziere Ihnen einen attraktiven Film! Entweder in Eigenregie oder in Absprache mit Ihnen, welche Szenen unbedingt dabei sein m\u00fcssen. Das ganze bekommen Sie auf\u00a0einer individuell gestalteten DVD inkl. Men\u00fc und H\u00fclle \u00fcberreicht.<\/p>\n<p><a href=\"https:\/\/www.tz-videoproduktion.de\/?page_id=25\">Gerne nehme ich Ihre Anfrage an!<\/a><\/p>\n<p>&nbsp;<\/p>\n<h3>Livemitschnitt vom Konzert oder Theaterauff\u00fchrung<\/h3>\n<p>Ihre Liveveranstaltung zeichne ich mit professioneller Technik in\u00a0HD (High Definition)\u00a0auf. Damit haben Sie von Ihrer Theater- oder Muscialauff\u00fchrung eine sch\u00f6ne Erinnerung f\u00fcr alle Teilnehmer auf BluRay-Disc und DVD. Auch als Referenz f\u00fcr Marketingzwecke <img loading=\"lazy\" decoding=\"async\" class=\"alignright size-thumbnail wp-image-168\" title=\"Live-Mitschnitt\" src=\"https:\/\/www.tz-videoproduktion.de\/wp-content\/uploads\/Live-Mitschnitt-Disc-klein-150x150.jpg\" alt=\"\" width=\"150\" height=\"150\" \/>eignet sich dieser Mitschnitt hervorragend.<\/p>\n<p>Auf Wunsch l\u00e4sst sich eine ausf\u00fchrliche Dokumentation oder ein ansprechender Trailer von Ihrer Veranstaltung produzieren. Zur Erinnerung k\u00f6nnen Sie ihr Event in voller L\u00e4nge zeigen.<\/p>\n<p><a title=\"Kontakt\" href=\"https:\/\/www.tz-videoproduktion.de\/?page_id=25\">Bei Interesse setzen Sie sich bitte mit mir in Verbindung!<\/a><\/p>\n<p>&nbsp;<\/p>\n<h3>Werbespot \/ Kurzfilm<\/h3>\n<p>F\u00fcr Anfragen zu Werbespots sowie zur Produktion von Kurzfilmen stehe ich Ihnen mit meiner Erfahrung und professionellem Equipment zur Verf\u00fcgung. Bereits bei den Drehvorbereitungen arbeite ich mit Ihnen und Ihrem Drehbuch zusammen. Anschlie\u00dfend unterst\u00fctze ich Sie beim Dreh als Kameramann und kann Ihnen mein Equipment zur Verf\u00fcgung stellen.<\/p>\n<p><a title=\"Filme\" href=\"https:\/\/www.tz-videoproduktion.de\/?page_id=11\">Hier k\u00f6nnen Sie einige Produktionen sehen!<\/a><\/p>\n<p><a title=\"Kontakt\" href=\"https:\/\/www.tz-videoproduktion.de\/?page_id=25\">Ich bitte um eine fr\u00fchzeitige Anfrage.<\/a><\/p>\n","protected":false},"excerpt":{"rendered":"<p>Ihr Hochzeitsfilm als bleibende bewegte Erinnerung! Mit professioneller Technik halte ich Ihren besonderen Hochzeitstag auf Video in\u00a0HD (High Definition)\u00a0fest und produziere Ihnen einen ansprechenden Hochzeitsfilm! Damit bleibt Ihnen der erlebnisreiche Tag in bester Erinnerung und Sie entdecken Highlights, die Ihnen an diesem Tag entgangen sind. Unauff\u00e4llig und professionell filme ich beim Standesamt, in der Kirche [&hellip;]<\/p>\n","protected":false},"author":2,"featured_media":0,"parent":0,"menu_order":0,"comment_status":"closed","ping_status":"closed","template":"","meta":{"ngg_post_thumbnail":0,"footnotes":""},"class_list":["post-9","page","type-page","status-publish","hentry","post"],"_links":{"self":[{"href":"https:\/\/tz-videoproduktion.de\/index.php?rest_route=\/wp\/v2\/pages\/9","targetHints":{"allow":["GET"]}}],"collection":[{"href":"https:\/\/tz-videoproduktion.de\/index.php?rest_route=\/wp\/v2\/pages"}],"about":[{"href":"https:\/\/tz-videoproduktion.de\/index.php?rest_route=\/wp\/v2\/types\/page"}],"author":[{"embeddable":true,"href":"https:\/\/tz-videoproduktion.de\/index.php?rest_route=\/wp\/v2\/users\/2"}],"replies":[{"embeddable":true,"href":"https:\/\/tz-videoproduktion.de\/index.php?rest_route=%2Fwp%2Fv2%2Fcomments&post=9"}],"version-history":[{"count":3,"href":"https:\/\/tz-videoproduktion.de\/index.php?rest_route=\/wp\/v2\/pages\/9\/revisions"}],"predecessor-version":[{"id":714,"href":"https:\/\/tz-videoproduktion.de\/index.php?rest_route=\/wp\/v2\/pages\/9\/revisions\/714"}],"wp:attachment":[{"href":"https:\/\/tz-videoproduktion.de\/index.php?rest_route=%2Fwp%2Fv2%2Fmedia&parent=9"}],"curies":[{"name":"wp","href":"https:\/\/api.w.org\/{rel}","templated":true}]}}