{"id":7,"date":"2011-12-30T13:22:46","date_gmt":"2011-12-30T13:22:46","guid":{"rendered":"http:\/\/web404.lex.servertools24.de\/?page_id=7"},"modified":"2024-09-06T01:32:34","modified_gmt":"2024-09-05T23:32:34","slug":"home","status":"publish","type":"page","link":"https:\/\/tz-videoproduktion.de\/","title":{"rendered":"Home"},"content":{"rendered":"\n<h3 class=\"wp-block-heading\">Herzlich Willkommen bei TZ Videoproduktion<\/h3>\n\n\n\n<p>Mit HDV-Kameras filme ich Ihren besonderen Hochzeitstag und produziere Ihnen einen ansprechenden <a title=\"Hochzeit\" href=\"https:\/\/www.tz-videoproduktion.de\/?page_id=13\">Hochzeitsfilm<\/a>.<\/p>\n\n\n\n<p>F\u00fcr Kirchengemeinden und privat biete ich Livestream sowie die Produktion von einem <a href=\"https:\/\/www.tz-videoproduktion.de\/?page_id=23\">Konfirmations-<\/a>, <a href=\"https:\/\/www.tz-videoproduktion.de\/?page_id=23\">Firmungs-<\/a> oder <a href=\"https:\/\/www.tz-videoproduktion.de\/?page_id=23\">Kommunionsvideo<\/a> an.<\/p>\n\n\n\n<p>Nat\u00fcrlich stehe ich Ihnen auch f\u00fcr weitere Produktionen und Auftr\u00e4ge wie <a title=\"Nachbearbeitung\" href=\"https:\/\/www.tz-videoproduktion.de\/?page_id=33\">Nachbearbeitung<\/a>, <a title=\"Konzert- und Theatermitschnitt\" href=\"https:\/\/www.tz-videoproduktion.de\/?page_id=144\">Livemitschnitte <\/a>oder <a title=\"Werbespot \/ Kurzfilm\" href=\"https:\/\/www.tz-videoproduktion.de\/?page_id=37\">Kurzfilme <\/a>zur Verf\u00fcgung.<\/p>\n\n\n\n<p>Gerne lasse ich Ihnen die Angebote zukommen. Kontaktieren Sie mich \u00fcber das <a href=\"https:\/\/www.tz-videoproduktion.de\/?page_id=25\">Kontaktformular<\/a>.<\/p>\n\n\n<div class=\"wp-block-image\">\n<figure class=\"aligncenter\"><img loading=\"lazy\" decoding=\"async\" width=\"300\" height=\"159\" src=\"https:\/\/tz-videoproduktion.de\/wp-content\/uploads\/Logo-300x159.jpg\" alt=\"Logo\" class=\"wp-image-591\"\/><\/figure><\/div>","protected":false},"excerpt":{"rendered":"<p>Herzlich Willkommen bei TZ Videoproduktion Mit HDV-Kameras filme ich Ihren besonderen Hochzeitstag und produziere Ihnen einen ansprechenden Hochzeitsfilm. F\u00fcr Kirchengemeinden und privat biete ich Livestream sowie die Produktion von einem Konfirmations-, Firmungs- oder Kommunionsvideo an. Nat\u00fcrlich stehe ich Ihnen auch f\u00fcr weitere Produktionen und Auftr\u00e4ge wie Nachbearbeitung, Livemitschnitte oder Kurzfilme zur Verf\u00fcgung. Gerne lasse ich [&hellip;]<\/p>\n","protected":false},"author":2,"featured_media":0,"parent":0,"menu_order":0,"comment_status":"closed","ping_status":"closed","template":"","meta":{"ngg_post_thumbnail":0,"footnotes":""},"class_list":["post-7","page","type-page","status-publish","hentry","post"],"_links":{"self":[{"href":"https:\/\/tz-videoproduktion.de\/index.php?rest_route=\/wp\/v2\/pages\/7","targetHints":{"allow":["GET"]}}],"collection":[{"href":"https:\/\/tz-videoproduktion.de\/index.php?rest_route=\/wp\/v2\/pages"}],"about":[{"href":"https:\/\/tz-videoproduktion.de\/index.php?rest_route=\/wp\/v2\/types\/page"}],"author":[{"embeddable":true,"href":"https:\/\/tz-videoproduktion.de\/index.php?rest_route=\/wp\/v2\/users\/2"}],"replies":[{"embeddable":true,"href":"https:\/\/tz-videoproduktion.de\/index.php?rest_route=%2Fwp%2Fv2%2Fcomments&post=7"}],"version-history":[{"count":5,"href":"https:\/\/tz-videoproduktion.de\/index.php?rest_route=\/wp\/v2\/pages\/7\/revisions"}],"predecessor-version":[{"id":982,"href":"https:\/\/tz-videoproduktion.de\/index.php?rest_route=\/wp\/v2\/pages\/7\/revisions\/982"}],"wp:attachment":[{"href":"https:\/\/tz-videoproduktion.de\/index.php?rest_route=%2Fwp%2Fv2%2Fmedia&parent=7"}],"curies":[{"name":"wp","href":"https:\/\/api.w.org\/{rel}","templated":true}]}}