{"id":27,"date":"2011-12-30T13:26:45","date_gmt":"2011-12-30T13:26:45","guid":{"rendered":"http:\/\/web404.lex.servertools24.de\/?page_id=27"},"modified":"2022-09-26T23:00:22","modified_gmt":"2022-09-26T21:00:22","slug":"liebeskummer","status":"publish","type":"page","link":"https:\/\/tz-videoproduktion.de\/?page_id=27","title":{"rendered":"Liebeskummer"},"content":{"rendered":"<p><span style=\"font-family: Arial, Helvetica, Univers, 'Zurich BT', sans-serif;\">Liebeskummer ist mein erster, selbst produzierter Film und der Anfang meiner Videoleidenschaft. Um den Aufwand bei der Produktion gering zu halten, ist der Film aus Legoteilen entstanden. Dazu wurde die Kulissen aus Lego aufgebaut und als Darsteller Legofiguren verwendet. Mit Einzelbildern ist dadurch ein 3 min\u00fctiger Legofilm entstanden. Die Einzelbilder wurden mit einem Digitalfoto aufgenommen und anschlie\u00dfend im Schnittprogramm einzeln hintereinander geh\u00e4ngt.<\/span><\/p>\n<ul>\n<li><span style=\"font-family: Arial, Helvetica, Univers, 'Zurich BT', sans-serif;\">Filmidee: Toni Ziegler<\/span><\/li>\n<li><span style=\"font-family: Arial, Helvetica, Univers, 'Zurich BT', sans-serif;\">Drehbuch: Toni Ziegler<\/span><\/li>\n<li><span style=\"font-family: Arial, Helvetica, Univers, 'Zurich BT', sans-serif;\">Regie, Kamera und Schnitt: Toni Ziegler<\/span><\/li>\n<li><span style=\"font-family: Arial, Helvetica, Univers, 'Zurich BT', sans-serif;\">Assistent: Hans Ziegler<\/span><\/li>\n<\/ul>\n<ul>\n<li>Arbeitszeit: ca 2 Monate<\/li>\n<li>Anzahl der Bilder:1800 Einzelbilder<\/li>\n<li>Filml\u00e4nge: 3min 40sec<\/li>\n<li>Drehort: zuhause<\/li>\n<li>Produktion: 2002<\/li>\n<\/ul>\n<p>&nbsp;<\/p>\n<p><iframe loading=\"lazy\" title=\"vimeo-player\" src=\"https:\/\/player.vimeo.com\/video\/25834535?h=fdc9379da3?dnt=1\" allowfullscreen=\"\" width=\"640\" height=\"472\" frameborder=\"0\"><\/iframe><\/p>\n","protected":false},"excerpt":{"rendered":"<p>Liebeskummer ist mein erster, selbst produzierter Film und der Anfang meiner Videoleidenschaft. Um den Aufwand bei der Produktion gering zu halten, ist der Film aus Legoteilen entstanden. Dazu wurde die Kulissen aus Lego aufgebaut und als Darsteller Legofiguren verwendet. Mit Einzelbildern ist dadurch ein 3 min\u00fctiger Legofilm entstanden. Die Einzelbilder wurden mit einem Digitalfoto aufgenommen [&hellip;]<\/p>\n","protected":false},"author":2,"featured_media":0,"parent":0,"menu_order":0,"comment_status":"closed","ping_status":"closed","template":"","meta":{"ngg_post_thumbnail":0,"footnotes":""},"class_list":["post-27","page","type-page","status-publish","hentry","post"],"_links":{"self":[{"href":"https:\/\/tz-videoproduktion.de\/index.php?rest_route=\/wp\/v2\/pages\/27","targetHints":{"allow":["GET"]}}],"collection":[{"href":"https:\/\/tz-videoproduktion.de\/index.php?rest_route=\/wp\/v2\/pages"}],"about":[{"href":"https:\/\/tz-videoproduktion.de\/index.php?rest_route=\/wp\/v2\/types\/page"}],"author":[{"embeddable":true,"href":"https:\/\/tz-videoproduktion.de\/index.php?rest_route=\/wp\/v2\/users\/2"}],"replies":[{"embeddable":true,"href":"https:\/\/tz-videoproduktion.de\/index.php?rest_route=%2Fwp%2Fv2%2Fcomments&post=27"}],"version-history":[{"count":4,"href":"https:\/\/tz-videoproduktion.de\/index.php?rest_route=\/wp\/v2\/pages\/27\/revisions"}],"predecessor-version":[{"id":943,"href":"https:\/\/tz-videoproduktion.de\/index.php?rest_route=\/wp\/v2\/pages\/27\/revisions\/943"}],"wp:attachment":[{"href":"https:\/\/tz-videoproduktion.de\/index.php?rest_route=%2Fwp%2Fv2%2Fmedia&parent=27"}],"curies":[{"name":"wp","href":"https:\/\/api.w.org\/{rel}","templated":true}]}}