{"id":21,"date":"2011-12-30T13:25:35","date_gmt":"2011-12-30T13:25:35","guid":{"rendered":"http:\/\/web404.lex.servertools24.de\/?page_id=21"},"modified":"2024-09-06T00:29:11","modified_gmt":"2024-09-05T22:29:11","slug":"kirchengemeinde","status":"publish","type":"page","link":"https:\/\/tz-videoproduktion.de\/?page_id=21","title":{"rendered":"Kirchengemeinde"},"content":{"rendered":"\n<h3 class=\"wp-block-heading\">Gottesdienstaufzeichung in Krisenzeiten<\/h3>\n\n\n\n<p>W\u00e4hrend den Ausgangsbeschr\u00e4nkungen bei der Corona Pandemie haben wir w\u00f6chentlich einen Gottesdienst in der leeren Kirche aufgezeichnet. Dieser wurde anschlie\u00dfend geschnitten und die Liedtexte f\u00fcr die Gemeinde zum Mitsingen eingeblendet. Die Gemeinde konnte die Gottesdienste immer Sonntags ab 10 Uhr \u00fcber die Homepage der Kirchengemeinde oder auf Youtube anschauen und mit feiern.<\/p>\n\n\n\n<p>Auch danach wurden noch ausgew\u00e4hlte Gottesdienste per Livestream \u00fcbertragen. Mehr dazu auf dem <a href=\"https:\/\/www.youtube.com\/@PaulGerhardtKirche\" target=\"_blank\" rel=\"noreferrer noopener\">Youtube Kanal der Paul-Gerhardt-Kirche<\/a>.<\/p>\n\n\n\n<figure class=\"wp-block-image\"><img loading=\"lazy\" decoding=\"async\" width=\"1024\" height=\"768\" src=\"https:\/\/tz-videoproduktion.de\/wp-content\/uploads\/P1020086-1024x768.jpg\" alt=\"\" class=\"wp-image-927\" srcset=\"https:\/\/tz-videoproduktion.de\/wp-content\/uploads\/P1020086-1024x768.jpg 1024w, https:\/\/tz-videoproduktion.de\/wp-content\/uploads\/P1020086-300x225.jpg 300w\" sizes=\"auto, (max-width: 1024px) 100vw, 1024px\" \/><\/figure>\n\n\n\n<p><\/p>\n\n\n\n<h3 class=\"wp-block-heading\">Einspielungen f\u00fcr Gottesdienste<\/h3>\n\n\n\n<p>Seit 2004 produziere ich ehrenamtlich&nbsp;in Zusammenarbeit mit Diakon Andi Weiss und der PG-Jugend Videoclips f\u00fcr den Weihnachtsgottesdienst in der Paul-Garhardt-Kirche. Die Videoclips sind ein Teil des gesamten Weihnachtsanspiel. Mit den Ideen und dem Drehbuch vom Diakon Andi Weiss drehen wir in den R\u00e4umen der Gemeinde vor einem Greenscreen um die Clips flexible zu gestalten. Mit Grafikanimationen werden die Videoclips zus\u00e4tzlich aufgewertet. Darsteller sind junge und \u00e4ltere Gemeindemitglieder.<\/p>\n\n\n\n<ul class=\"wp-block-list\">\n<li>Leitung: Diakon Andi Weiss<\/li>\n\n\n\n<li>Filmidee: Andi Weiss<\/li>\n\n\n\n<li>Drehbuch: Toni Ziegler<\/li>\n\n\n\n<li>Regie und Kamera: Toni Ziegler<\/li>\n\n\n\n<li>Sprecher: Andi Weiss<\/li>\n\n\n\n<li>Schnitt: Toni Ziegler<\/li>\n<\/ul>\n\n\n\n<ul class=\"wp-block-list\">\n<li>Filml\u00e4nge: 3 min<\/li>\n\n\n\n<li>Drehort: Paul-Gerhardt-Kirche und in den Stra\u00dfen von Laim<\/li>\n\n\n\n<li>Produktion: seit 2004<\/li>\n\n\n\n<li>zu sehen an Heilig Abend um 16:00 in der Paul-Gerhardt-Kirche in M\u00fcnchen<\/li>\n<\/ul>\n\n\n\n<p>&nbsp;<\/p>\n\n\n\n<figure class=\"wp-block-image\"><img loading=\"lazy\" decoding=\"async\" width=\"720\" height=\"482\" src=\"https:\/\/tz-videoproduktion.de\/wp-content\/uploads\/VideoGodi.jpg\" alt=\"VideoGodi\" class=\"wp-image-590\" srcset=\"https:\/\/tz-videoproduktion.de\/wp-content\/uploads\/VideoGodi.jpg 720w, https:\/\/tz-videoproduktion.de\/wp-content\/uploads\/VideoGodi-300x201.jpg 300w, https:\/\/tz-videoproduktion.de\/wp-content\/uploads\/VideoGodi-272x182.jpg 272w\" sizes=\"auto, (max-width: 720px) 100vw, 720px\" \/><\/figure>\n\n\n\n<p><\/p>\n\n\n\n<p>&nbsp;<\/p>\n\n\n\n<h3 class=\"wp-block-heading\">Werbevideo \u201cOpen-Air Fechheim\u201d<\/h3>\n\n\n\n<p>Das Werbevideo ist f\u00fcr das Open-Air-Festival der Gemeinde Fechheim produziert worden und soll als Erinnerung an das \u201cScheunen-Openair\u201d dienen.<\/p>\n\n\n\n<ul class=\"wp-block-list\">\n<li>Leitung: Tanja Pfisterer, Steffen Haida<\/li>\n\n\n\n<li>Drehbuch: Tanja Pfisterer<\/li>\n\n\n\n<li>Regie und Kamera: Toni Ziegler<\/li>\n\n\n\n<li>Moderatorin: Tanja Pfisterer<\/li>\n\n\n\n<li>Schnitt: Toni Ziegler<\/li>\n\n\n\n<li>Assistentin: Sophia Karabensch<\/li>\n<\/ul>\n\n\n\n<ul class=\"wp-block-list\">\n<li>Filml\u00e4nge: 13 min<\/li>\n\n\n\n<li>Drehort: Gel\u00e4nde der Gemeinde Frechheim<\/li>\n\n\n\n<li>Produktion: 2006<\/li>\n<\/ul>\n\n\n\n<p>&nbsp;<\/p>\n\n\n\n<p><iframe loading=\"lazy\" title=\"vimeo-player\" src=\"https:\/\/player.vimeo.com\/video\/26417102?h=a1eb0e2308?dnt=1\" width=\"640\" height=\"360\" frameborder=\"0\" allowfullscreen=\"allowfullscreen\"><\/iframe><\/p>\n\n\n\n<h3 class=\"wp-block-heading\">Zivilfahnder sucht Filmemacher!<\/h3>\n\n\n\n<p>\u201cZivilfahnder sucht Filmemacher\u201d wurde von der Polizei Bayern als Sch\u00fclerwettbewerb ausgeschrieben. Dabei sollte ein 60 sek\u00fcndiger TV-Spot zum Thema \u201cGegen Rechtsextremismus und seine neuen Erscheinungsformen\u201d gedreht werden.<br>Die Jugendlichen der Jugendgruppe haben daf\u00fcr ein Drehbuch geschrieben und selbst als Schauspieler mitgewirkt. Die Produktion erfolgte durch ehrenamtlichen Einsatz.<\/p>\n\n\n\n<ul class=\"wp-block-list\">\n<li>Leitung: Patrick Gr\u00f6nwald<\/li>\n\n\n\n<li>Drehbuch: PG Jugendgruppe<\/li>\n\n\n\n<li>Regie und Kamera: Toni Ziegler<\/li>\n\n\n\n<li>Schnitt: Toni Ziegler<\/li>\n\n\n\n<li>Sendetermin: 23.9.07 auf TV M\u00fcnchen (Wdh. 29.9.07 auf M\u00fcnchen2)<\/li>\n<\/ul>\n\n\n\n<ul class=\"wp-block-list\">\n<li>Filml\u00e4nge: Kurzfassung: 0:59 min, Langfassung: 3:00 min<\/li>\n\n\n\n<li>Drehort: Paul-Gerhardt-Kirche<\/li>\n\n\n\n<li>Produktion: 2007<\/li>\n<\/ul>\n\n\n\n<p>&nbsp;<\/p>\n\n\n\n<p><iframe loading=\"lazy\" title=\"vimeo-player\" src=\"https:\/\/player.vimeo.com\/video\/25838021?h=1e76e74060?dnt=1\" width=\"640\" height=\"360\" frameborder=\"0\" allowfullscreen=\"allowfullscreen\"><\/iframe><\/p>\n\n\n\n<h3 class=\"wp-block-heading\">Videovorstellung der PG-Jugend<\/h3>\n\n\n\n<p>Die Videovorstellung der&nbsp;<a href=\"http:\/\/www.pg-jugend.de\/\" target=\"_blank\" rel=\"noopener noreferrer\">PG-Jugend<\/a>&nbsp;von der&nbsp;<a href=\"http:\/\/www.paul-gerhardt-muenchen.de\/\" target=\"_blank\" rel=\"noopener noreferrer\">Paul-Gerhardt-Kirche<\/a>&nbsp;ist im Zusammenhang mit&nbsp;<a href=\"http:\/\/www.jesushouse.de\/\" target=\"_blank\" rel=\"noopener noreferrer\">Jesushouse<\/a>&nbsp;2004 entstanden. Mit dem Video hat sich die PG-Jugend bei der Jesushouse-Veranstaltung in M\u00fcnchen vorgestellt.<\/p>\n\n\n\n<ul class=\"wp-block-list\">\n<li>Leitung: Diakon Andi Weiss<\/li>\n\n\n\n<li>Filmidee: Andi Weiss<\/li>\n\n\n\n<li>Drehbuch: Toni Ziegler<\/li>\n\n\n\n<li>Regie und Kamera: Toni Ziegler<\/li>\n\n\n\n<li>Sprecherin: Tanja Pfisterer<\/li>\n\n\n\n<li>Schnitt: Toni Ziegler<\/li>\n<\/ul>\n\n\n\n<p>&#8211; Filml\u00e4nge: 3 min<br>&#8211; Drehort: Paul-Gerhardt-Kirche<br>&#8211; Produktion 2004<\/p>\n","protected":false},"excerpt":{"rendered":"<p>Gottesdienstaufzeichung in Krisenzeiten W\u00e4hrend den Ausgangsbeschr\u00e4nkungen bei der Corona Pandemie haben wir w\u00f6chentlich einen Gottesdienst in der leeren Kirche aufgezeichnet. Dieser wurde anschlie\u00dfend geschnitten und die Liedtexte f\u00fcr die Gemeinde zum Mitsingen eingeblendet. Die Gemeinde konnte die Gottesdienste immer Sonntags ab 10 Uhr \u00fcber die Homepage der Kirchengemeinde oder auf Youtube anschauen und mit feiern. [&hellip;]<\/p>\n","protected":false},"author":2,"featured_media":0,"parent":0,"menu_order":0,"comment_status":"closed","ping_status":"closed","template":"","meta":{"ngg_post_thumbnail":0,"footnotes":""},"class_list":["post-21","page","type-page","status-publish","hentry","post"],"_links":{"self":[{"href":"https:\/\/tz-videoproduktion.de\/index.php?rest_route=\/wp\/v2\/pages\/21","targetHints":{"allow":["GET"]}}],"collection":[{"href":"https:\/\/tz-videoproduktion.de\/index.php?rest_route=\/wp\/v2\/pages"}],"about":[{"href":"https:\/\/tz-videoproduktion.de\/index.php?rest_route=\/wp\/v2\/types\/page"}],"author":[{"embeddable":true,"href":"https:\/\/tz-videoproduktion.de\/index.php?rest_route=\/wp\/v2\/users\/2"}],"replies":[{"embeddable":true,"href":"https:\/\/tz-videoproduktion.de\/index.php?rest_route=%2Fwp%2Fv2%2Fcomments&post=21"}],"version-history":[{"count":7,"href":"https:\/\/tz-videoproduktion.de\/index.php?rest_route=\/wp\/v2\/pages\/21\/revisions"}],"predecessor-version":[{"id":975,"href":"https:\/\/tz-videoproduktion.de\/index.php?rest_route=\/wp\/v2\/pages\/21\/revisions\/975"}],"wp:attachment":[{"href":"https:\/\/tz-videoproduktion.de\/index.php?rest_route=%2Fwp%2Fv2%2Fmedia&parent=21"}],"curies":[{"name":"wp","href":"https:\/\/api.w.org\/{rel}","templated":true}]}}