{"id":201,"date":"2013-06-27T23:05:17","date_gmt":"2013-06-27T23:05:17","guid":{"rendered":"http:\/\/www.tz-videoproduktion.de\/?page_id=201"},"modified":"2017-03-26T12:29:01","modified_gmt":"2017-03-26T10:29:01","slug":"kurzfilm","status":"publish","type":"page","link":"https:\/\/tz-videoproduktion.de\/?page_id=201","title":{"rendered":"Imagefilm"},"content":{"rendered":"<h3>Abenteuerspielplatz Neuhausen<\/h3>\n<p>F\u00fcr den <a href=\"http:\/\/asp-neuhausen.de\/index.php?id=64\" target=\"_blank\">Abenteuerspielplatz Neuhausen <\/a>wurde ein neues Imagevideo unter der Leitung von Lena Kreitmeier gedreht. Dabei werden alle wesentlichen Elemente und Angebote des Spielplatzes dargestellt. Die Aufnahmen erfolgten im Rahmen des &#8222;Tag der offenen T\u00fcr 2013&#8220; sowie einzelner Kinder mit Einverst\u00e4ndniserkl\u00e4rung. Die Produktion ist durch ehrenamtlichen Einsatz entstanden.<\/p>\n<ul>\n<li>Leitung: Lena Kreitmeier<\/li>\n<li>Drehbuch: Lena Kreitmeier<\/li>\n<li>Regie und Kamera: Toni Ziegler<\/li>\n<li>Schnitt: Toni Ziegler<\/li>\n<\/ul>\n<ul>\n<li>Filml\u00e4nge:\u00a05 min<\/li>\n<li>Drehort: Abenteuerspielplatz Neuhausen<\/li>\n<li>Produktion 2013<\/li>\n<\/ul>\n<p>&nbsp;<\/p>\n","protected":false},"excerpt":{"rendered":"<p>Abenteuerspielplatz Neuhausen F\u00fcr den Abenteuerspielplatz Neuhausen wurde ein neues Imagevideo unter der Leitung von Lena Kreitmeier gedreht. Dabei werden alle wesentlichen Elemente und Angebote des Spielplatzes dargestellt. Die Aufnahmen erfolgten im Rahmen des &#8222;Tag der offenen T\u00fcr 2013&#8220; sowie einzelner Kinder mit Einverst\u00e4ndniserkl\u00e4rung. Die Produktion ist durch ehrenamtlichen Einsatz entstanden. Leitung: Lena Kreitmeier Drehbuch: Lena [&hellip;]<\/p>\n","protected":false},"author":1,"featured_media":0,"parent":0,"menu_order":0,"comment_status":"closed","ping_status":"closed","template":"","meta":{"ngg_post_thumbnail":0,"footnotes":""},"class_list":["post-201","page","type-page","status-publish","hentry","post"],"_links":{"self":[{"href":"https:\/\/tz-videoproduktion.de\/index.php?rest_route=\/wp\/v2\/pages\/201","targetHints":{"allow":["GET"]}}],"collection":[{"href":"https:\/\/tz-videoproduktion.de\/index.php?rest_route=\/wp\/v2\/pages"}],"about":[{"href":"https:\/\/tz-videoproduktion.de\/index.php?rest_route=\/wp\/v2\/types\/page"}],"author":[{"embeddable":true,"href":"https:\/\/tz-videoproduktion.de\/index.php?rest_route=\/wp\/v2\/users\/1"}],"replies":[{"embeddable":true,"href":"https:\/\/tz-videoproduktion.de\/index.php?rest_route=%2Fwp%2Fv2%2Fcomments&post=201"}],"version-history":[{"count":2,"href":"https:\/\/tz-videoproduktion.de\/index.php?rest_route=\/wp\/v2\/pages\/201\/revisions"}],"predecessor-version":[{"id":683,"href":"https:\/\/tz-videoproduktion.de\/index.php?rest_route=\/wp\/v2\/pages\/201\/revisions\/683"}],"wp:attachment":[{"href":"https:\/\/tz-videoproduktion.de\/index.php?rest_route=%2Fwp%2Fv2%2Fmedia&parent=201"}],"curies":[{"name":"wp","href":"https:\/\/api.w.org\/{rel}","templated":true}]}}