{"id":19,"date":"2011-12-30T13:25:12","date_gmt":"2011-12-30T13:25:12","guid":{"rendered":"http:\/\/web404.lex.servertools24.de\/?page_id=19"},"modified":"2024-09-06T00:19:51","modified_gmt":"2024-09-05T22:19:51","slug":"kinowerbung","status":"publish","type":"page","link":"https:\/\/tz-videoproduktion.de\/?page_id=19","title":{"rendered":"Kinowerbung"},"content":{"rendered":"\n<h3 class=\"wp-block-heading\">SV Laim<\/h3>\n\n\n\n<p>F\u00fcr den <a href=\"https:\/\/svlaim.de\/\" target=\"_blank\" rel=\"noreferrer noopener\">SV Laim<\/a> produzierte ich 2011 einen Werbespot mit Standbildern und Hintergrundmusik, der im Stadtteilkino Neues Rex im Vorprogramm l\u00e4uft. Der Werbespot wurde 2013 mit neuen Bildern und Sprecher \u00fcberarbeitet.\u00a0Neben den Sportarten und der neuen Sportanlage wird auch die Vereinsgastst\u00e4tte Meraviglia beworben.<\/p>\n\n\n\n<ul class=\"wp-block-list\">\n<li>Drehbuch:\u00a0Gerhard Meier u. Franz M\u00fcller (SV Laim)<\/li>\n\n\n\n<li>Fotos: <a href=\"https:\/\/www.stoegerfotografie.com\/\" target=\"_blank\" rel=\"noopener\">Josef St\u00f6ger<\/a><\/li>\n\n\n\n<li>Sprecher:\u00a0 Franz M\u00fcller (2011, 2013), Simone Faust (2016)<\/li>\n\n\n\n<li>Grafik u. Schnitt: Toni Ziegler<\/li>\n\n\n\n<li>Format: HD<\/li>\n\n\n\n<li>Filml\u00e4nge: 0:15 min<\/li>\n\n\n\n<li>Produktion: 2011, 2013, 2016<\/li>\n<\/ul>\n\n\n\n<figure class=\"wp-block-embed is-type-video is-provider-youtube wp-block-embed-youtube wp-embed-aspect-16-9 wp-has-aspect-ratio\"><div class=\"wp-block-embed__wrapper\">\n<iframe loading=\"lazy\" hcb-fetch-image-from=\"https:\/\/www.youtube.com\/watch?v=C0vVpXK2ZdQ\" title=\"SVLaim V2017\" width=\"720\" height=\"405\" src=\"https:\/\/www.youtube.com\/embed\/C0vVpXK2ZdQ?feature=oembed\" frameborder=\"0\" allow=\"accelerometer; autoplay; clipboard-write; encrypted-media; gyroscope; picture-in-picture; web-share\" referrerpolicy=\"strict-origin-when-cross-origin\" allowfullscreen><\/iframe>\n<\/div><\/figure>\n\n\n\n<h3 class=\"wp-block-heading\">&nbsp;<\/h3>\n\n\n\n<h3 class=\"wp-block-heading\">Neues Rex Filmtheater<\/h3>\n\n\n\n<p>Willkommensgru\u00df f\u00fcr das <a href=\"https:\/\/neuesrex.de\/\" target=\"_blank\" rel=\"noreferrer noopener\">Neue Rex Filmtheater<\/a> in M\u00fcnchen-Laim und Werbung f\u00fcr die im Kino angebotene Bonuscard.<\/p>\n\n\n\n<ul class=\"wp-block-list\">\n<li>Leitung: Toni Ziegler<\/li>\n\n\n\n<li>Drehbuch: Thomas Willhelm, Toni Ziegler<\/li>\n\n\n\n<li>Regie und Kamera: Toni Ziegler<\/li>\n\n\n\n<li>Sprecher: <a href=\"https:\/\/www.andi-weiss.de\/\" target=\"_blank\" rel=\"noopener\">Andi Weiss<\/a><\/li>\n\n\n\n<li>Schnitt: Toni Ziegler<\/li>\n\n\n\n<li>Format: HD<\/li>\n<\/ul>\n\n\n\n<h4 class=\"wp-block-heading\">Willkommensgru\u00df<\/h4>\n\n\n\n<ul class=\"wp-block-list\">\n<li>Filml\u00e4nge: 0:37 min<\/li>\n\n\n\n<li>Drehort und Fotos: Neues Rex Kino<\/li>\n\n\n\n<li>Produktion: 2009<\/li>\n<\/ul>\n\n\n\n<figure class=\"wp-block-embed is-type-video is-provider-youtube wp-block-embed-youtube wp-embed-aspect-16-9 wp-has-aspect-ratio\"><div class=\"wp-block-embed__wrapper\">\n<iframe loading=\"lazy\" hcb-fetch-image-from=\"https:\/\/www.youtube.com\/watch?v=RzM1UugWeIw&amp;feature=player_embedded\" title=\"Bonuscard neues Rex Kino (HD)\" width=\"720\" height=\"405\" src=\"https:\/\/www.youtube.com\/embed\/RzM1UugWeIw?feature=oembed\" frameborder=\"0\" allow=\"accelerometer; autoplay; clipboard-write; encrypted-media; gyroscope; picture-in-picture; web-share\" referrerpolicy=\"strict-origin-when-cross-origin\" allowfullscreen><\/iframe>\n<\/div><\/figure>\n\n\n\n<p>&nbsp;<\/p>\n\n\n\n<h4 class=\"wp-block-heading\">Bonuscard-Werbung f\u00fcr das\u00a0<a href=\"https:\/\/neuesrex.de\/\" target=\"_blank\" rel=\"noreferrer noopener\">NEUE REX<\/a>\u00a0und\u00a0<a href=\"https:\/\/cincinnati-muenchen.de\/\" target=\"_blank\" rel=\"noreferrer noopener\">CINCINNATI<\/a><\/h4>\n\n\n\n<ul class=\"wp-block-list\">\n<li>Filml\u00e4nge: 0:35 min<\/li>\n\n\n\n<li>Fotos und Grafiken: Neues Rex Kino<\/li>\n\n\n\n<li>Produktion: 2009<\/li>\n<\/ul>\n\n\n\n<figure class=\"wp-block-embed is-type-video is-provider-youtube wp-block-embed-youtube wp-embed-aspect-16-9 wp-has-aspect-ratio\"><div class=\"wp-block-embed__wrapper\">\n<iframe loading=\"lazy\" hcb-fetch-image-from=\"https:\/\/www.youtube.com\/watch?v=nVLII8qPYVI&amp;feature=player_embedded\" title=\"Willkommensclip neues Rex Kino (HD)\" width=\"720\" height=\"405\" src=\"https:\/\/www.youtube.com\/embed\/nVLII8qPYVI?feature=oembed\" frameborder=\"0\" allow=\"accelerometer; autoplay; clipboard-write; encrypted-media; gyroscope; picture-in-picture; web-share\" referrerpolicy=\"strict-origin-when-cross-origin\" allowfullscreen><\/iframe>\n<\/div><\/figure>\n\n\n\n<figure class=\"wp-block-embed is-type-video is-provider-youtube wp-block-embed-youtube wp-embed-aspect-16-9 wp-has-aspect-ratio\"><div class=\"wp-block-embed__wrapper\">\n<iframe loading=\"lazy\" hcb-fetch-image-from=\"https:\/\/www.youtube.com\/watch?v=5KNvaOhwpxk&amp;feature=player_embedded\" title=\"Bonuscard Cincinnati Kino (HD)\" width=\"720\" height=\"405\" src=\"https:\/\/www.youtube.com\/embed\/5KNvaOhwpxk?feature=oembed\" frameborder=\"0\" allow=\"accelerometer; autoplay; clipboard-write; encrypted-media; gyroscope; picture-in-picture; web-share\" referrerpolicy=\"strict-origin-when-cross-origin\" allowfullscreen><\/iframe>\n<\/div><\/figure>\n","protected":false},"excerpt":{"rendered":"<p>SV Laim F\u00fcr den SV Laim produzierte ich 2011 einen Werbespot mit Standbildern und Hintergrundmusik, der im Stadtteilkino Neues Rex im Vorprogramm l\u00e4uft. Der Werbespot wurde 2013 mit neuen Bildern und Sprecher \u00fcberarbeitet.\u00a0Neben den Sportarten und der neuen Sportanlage wird auch die Vereinsgastst\u00e4tte Meraviglia beworben. &nbsp; Neues Rex Filmtheater Willkommensgru\u00df f\u00fcr das Neue Rex Filmtheater [&hellip;]<\/p>\n","protected":false},"author":2,"featured_media":0,"parent":0,"menu_order":0,"comment_status":"closed","ping_status":"closed","template":"","meta":{"ngg_post_thumbnail":0,"footnotes":""},"class_list":["post-19","page","type-page","status-publish","hentry","post"],"_links":{"self":[{"href":"https:\/\/tz-videoproduktion.de\/index.php?rest_route=\/wp\/v2\/pages\/19","targetHints":{"allow":["GET"]}}],"collection":[{"href":"https:\/\/tz-videoproduktion.de\/index.php?rest_route=\/wp\/v2\/pages"}],"about":[{"href":"https:\/\/tz-videoproduktion.de\/index.php?rest_route=\/wp\/v2\/types\/page"}],"author":[{"embeddable":true,"href":"https:\/\/tz-videoproduktion.de\/index.php?rest_route=\/wp\/v2\/users\/2"}],"replies":[{"embeddable":true,"href":"https:\/\/tz-videoproduktion.de\/index.php?rest_route=%2Fwp%2Fv2%2Fcomments&post=19"}],"version-history":[{"count":5,"href":"https:\/\/tz-videoproduktion.de\/index.php?rest_route=\/wp\/v2\/pages\/19\/revisions"}],"predecessor-version":[{"id":973,"href":"https:\/\/tz-videoproduktion.de\/index.php?rest_route=\/wp\/v2\/pages\/19\/revisions\/973"}],"wp:attachment":[{"href":"https:\/\/tz-videoproduktion.de\/index.php?rest_route=%2Fwp%2Fv2%2Fmedia&parent=19"}],"curies":[{"name":"wp","href":"https:\/\/api.w.org\/{rel}","templated":true}]}}