{"id":15,"date":"2011-12-30T13:24:22","date_gmt":"2011-12-30T13:24:22","guid":{"rendered":"http:\/\/web404.lex.servertools24.de\/?page_id=15"},"modified":"2022-09-26T23:02:00","modified_gmt":"2022-09-26T21:02:00","slug":"hochzeitstrailer","status":"publish","type":"page","link":"https:\/\/tz-videoproduktion.de\/?page_id=15","title":{"rendered":"Hochzeitstrailer"},"content":{"rendered":"<p>Unauff\u00e4llig und professionell filme ich beim Standesamt, in der Kirche und auf der Feier, damit sie keine verwackelten Aufnahmen aus der Kirchenbank bekommen.<\/p>\n<p>In dem Trailer k\u00f6nnen Sie sich von der Qualit\u00e4t der Aufnahmen \u00fcberzeugen!<\/p>\n<p><iframe loading=\"lazy\" title=\"vimeo-player\" src=\"https:\/\/player.vimeo.com\/video\/7140416?h=99cd92e197?dnt=1\" allowfullscreen=\"\" width=\"640\" height=\"360\" frameborder=\"0\"><\/iframe><\/p>\n","protected":false},"excerpt":{"rendered":"<p>Unauff\u00e4llig und professionell filme ich beim Standesamt, in der Kirche und auf der Feier, damit sie keine verwackelten Aufnahmen aus der Kirchenbank bekommen. In dem Trailer k\u00f6nnen Sie sich von der Qualit\u00e4t der Aufnahmen \u00fcberzeugen!<\/p>\n","protected":false},"author":2,"featured_media":0,"parent":0,"menu_order":0,"comment_status":"closed","ping_status":"closed","template":"","meta":{"ngg_post_thumbnail":0,"footnotes":""},"class_list":["post-15","page","type-page","status-publish","hentry","post"],"_links":{"self":[{"href":"https:\/\/tz-videoproduktion.de\/index.php?rest_route=\/wp\/v2\/pages\/15","targetHints":{"allow":["GET"]}}],"collection":[{"href":"https:\/\/tz-videoproduktion.de\/index.php?rest_route=\/wp\/v2\/pages"}],"about":[{"href":"https:\/\/tz-videoproduktion.de\/index.php?rest_route=\/wp\/v2\/types\/page"}],"author":[{"embeddable":true,"href":"https:\/\/tz-videoproduktion.de\/index.php?rest_route=\/wp\/v2\/users\/2"}],"replies":[{"embeddable":true,"href":"https:\/\/tz-videoproduktion.de\/index.php?rest_route=%2Fwp%2Fv2%2Fcomments&post=15"}],"version-history":[{"count":3,"href":"https:\/\/tz-videoproduktion.de\/index.php?rest_route=\/wp\/v2\/pages\/15\/revisions"}],"predecessor-version":[{"id":944,"href":"https:\/\/tz-videoproduktion.de\/index.php?rest_route=\/wp\/v2\/pages\/15\/revisions\/944"}],"wp:attachment":[{"href":"https:\/\/tz-videoproduktion.de\/index.php?rest_route=%2Fwp%2Fv2%2Fmedia&parent=15"}],"curies":[{"name":"wp","href":"https:\/\/api.w.org\/{rel}","templated":true}]}}