{"id":144,"date":"2012-06-08T08:56:55","date_gmt":"2012-06-08T08:56:55","guid":{"rendered":"http:\/\/www.tz-videoproduktion.de\/?page_id=144"},"modified":"2022-09-26T23:13:15","modified_gmt":"2022-09-26T21:13:15","slug":"konzert-und-theatermitschnitt","status":"publish","type":"page","link":"https:\/\/tz-videoproduktion.de\/?page_id=144","title":{"rendered":"Konzert- und Theatermitschnitt"},"content":{"rendered":"\n<h3 class=\"wp-block-heading\">Livemitschnitt vom Konzert oder Theaterauff\u00fchrung<\/h3>\n\n\n\n<p>Ihre Liveveranstaltung zeichne ich mit professioneller Technik in&nbsp;HD (High Definition)&nbsp;auf. Damit haben Sie von Ihrer Theater- oder Muscialauff\u00fchrung eine sch\u00f6ne Erinnerung f\u00fcr alle Teilnehmer auf BluRay-Disc und DVD. Auch als Referenz f\u00fcr Marketingzwecke eignet sich dieser Mitschnitt hervorragend.<\/p>\n\n\n\n<p>Auf Wunsch l\u00e4sst sich eine ausf\u00fchrliche Dokumentation oder ein ansprechender Trailer von Ihrer Veranstaltung produzieren. Zur Erinnerung k\u00f6nnen Sie ihr Event in voller L\u00e4nge zeigen.<\/p>\n\n\n\n<p><a title=\"Kontakt\" href=\"https:\/\/www.tz-videoproduktion.de\/?page_id=25\">Bei Interesse setzen Sie sich bitte mit mir in Verbindung!<\/a><\/p>\n\n\n\n<figure class=\"wp-block-image size-medium\"><img loading=\"lazy\" decoding=\"async\" width=\"300\" height=\"273\" src=\"https:\/\/tz-videoproduktion.de\/wp-content\/uploads\/Live-Mitschnitt-Disc-klein-300x273.jpg\" alt=\"\" class=\"wp-image-580\" title=\"Live-Mitschnitt\" srcset=\"https:\/\/tz-videoproduktion.de\/wp-content\/uploads\/Live-Mitschnitt-Disc-klein-300x273.jpg 300w, https:\/\/tz-videoproduktion.de\/wp-content\/uploads\/Live-Mitschnitt-Disc-klein.jpg 986w\" sizes=\"auto, (max-width: 300px) 100vw, 300px\" \/><\/figure>\n","protected":false},"excerpt":{"rendered":"<p>Livemitschnitt vom Konzert oder Theaterauff\u00fchrung Ihre Liveveranstaltung zeichne ich mit professioneller Technik in&nbsp;HD (High Definition)&nbsp;auf. Damit haben Sie von Ihrer Theater- oder Muscialauff\u00fchrung eine sch\u00f6ne Erinnerung f\u00fcr alle Teilnehmer auf BluRay-Disc und DVD. Auch als Referenz f\u00fcr Marketingzwecke eignet sich dieser Mitschnitt hervorragend. Auf Wunsch l\u00e4sst sich eine ausf\u00fchrliche Dokumentation oder ein ansprechender Trailer von [&hellip;]<\/p>\n","protected":false},"author":1,"featured_media":0,"parent":0,"menu_order":0,"comment_status":"closed","ping_status":"closed","template":"","meta":{"ngg_post_thumbnail":0,"footnotes":""},"class_list":["post-144","page","type-page","status-publish","hentry","post"],"_links":{"self":[{"href":"https:\/\/tz-videoproduktion.de\/index.php?rest_route=\/wp\/v2\/pages\/144","targetHints":{"allow":["GET"]}}],"collection":[{"href":"https:\/\/tz-videoproduktion.de\/index.php?rest_route=\/wp\/v2\/pages"}],"about":[{"href":"https:\/\/tz-videoproduktion.de\/index.php?rest_route=\/wp\/v2\/types\/page"}],"author":[{"embeddable":true,"href":"https:\/\/tz-videoproduktion.de\/index.php?rest_route=\/wp\/v2\/users\/1"}],"replies":[{"embeddable":true,"href":"https:\/\/tz-videoproduktion.de\/index.php?rest_route=%2Fwp%2Fv2%2Fcomments&post=144"}],"version-history":[{"count":2,"href":"https:\/\/tz-videoproduktion.de\/index.php?rest_route=\/wp\/v2\/pages\/144\/revisions"}],"predecessor-version":[{"id":952,"href":"https:\/\/tz-videoproduktion.de\/index.php?rest_route=\/wp\/v2\/pages\/144\/revisions\/952"}],"wp:attachment":[{"href":"https:\/\/tz-videoproduktion.de\/index.php?rest_route=%2Fwp%2Fv2%2Fmedia&parent=144"}],"curies":[{"name":"wp","href":"https:\/\/api.w.org\/{rel}","templated":true}]}}