{"id":11,"date":"2011-12-30T13:23:42","date_gmt":"2011-12-30T13:23:42","guid":{"rendered":"http:\/\/web404.lex.servertools24.de\/?page_id=11"},"modified":"2018-06-27T12:55:07","modified_gmt":"2018-06-27T10:55:07","slug":"filme","status":"publish","type":"page","link":"https:\/\/tz-videoproduktion.de\/?page_id=11","title":{"rendered":"Filme"},"content":{"rendered":"<h3>Liebeskummer<\/h3>\n<p><span style=\"font-family: Arial, Helvetica, Univers, 'Zurich BT', sans-serif;\">Liebeskummer ist mein erster, selbst produzierter Film und der Anfang meiner Videoleidenschaft. Um den Aufwand bei der Produktion gering zu halten, ist der Film aus Legoteilen entstanden. Dazu wurde die Kulissen aus Lego aufgebaut und als Darsteller Legofiguren verwendet. Mit Einzelbildern ist dadurch ein 3 min\u00fctiger Legofilm entstanden. Die Einzelbilder wurden mit einem Digitalfoto aufgenommen und anschlie\u00dfend im Schnittprogramm einzeln hintereinander geh\u00e4ngt.<\/span><\/p>\n<ul>\n<li><span style=\"font-family: Arial, Helvetica, Univers, 'Zurich BT', sans-serif;\">Filmidee: Toni Ziegler<\/span><\/li>\n<li><span style=\"font-family: Arial, Helvetica, Univers, 'Zurich BT', sans-serif;\">Drehbuch: Toni Ziegler<\/span><\/li>\n<li><span style=\"font-family: Arial, Helvetica, Univers, 'Zurich BT', sans-serif;\">Regie, Kamera und Schnitt: Toni Ziegler<\/span><\/li>\n<li><span style=\"font-family: Arial, Helvetica, Univers, 'Zurich BT', sans-serif;\">Assistent: Hans Ziegler<\/span><\/li>\n<\/ul>\n<ul>\n<li>Arbeitszeit: ca 2 Monate<\/li>\n<li>Anzahl der Bilder:1800 Einzelbilder<\/li>\n<li>Filml\u00e4nge: 3min 40sec<\/li>\n<li>Drehort: zuhause<\/li>\n<li>Produktion: 2002<\/li>\n<\/ul>\n<p><iframe loading=\"lazy\" hcb-fetch-image-from=\"https:\/\/vimeo.com\/25834535\" src=\"https:\/\/player.vimeo.com\/video\/25834535?app_id=122963\" width=\"640\" height=\"472\" frameborder=\"0\" title=\"Liebeskummer\" webkitallowfullscreen mozallowfullscreen allowfullscreen><\/iframe><\/p>\n<h3><\/h3>\n<h4>&#8212;&#8212;&#8212;&#8212;&#8212;&#8212;&#8212;&#8212;&#8212;&#8212;&#8212;&#8212;&#8212;&#8212;&#8212;&#8212;&#8212;&#8212;&#8212;&#8212;&#8212;&#8212;&#8212;&#8212;&#8212;&#8212;&#8212;&#8212;&#8212;&#8212;&#8212;&#8212;<\/h4>\n<h3>Kinowerbung<\/h3>\n<h3>SV Laim<\/h3>\n<p>F\u00fcr den <a href=\"http:\/\/www.svlaim.de\" target=\"_blank\">SV Laim <\/a>produzierte ich 2011 einen Werbespot mit Standbildern und Hintergrundmusik, der im Stadtteilkino Neues Rex im Vorprogramm l\u00e4uft. Der Werbespot wurde 2013 mit neuen Bildern und Sprecher \u00fcberarbeitet.\u00a0Neben den Sportarten und der neuen Sportanlage wird auch die Vereinsgastst\u00e4tte Meraviglia beworben.<\/p>\n<ul>\n<li>Drehbuch:\u00a0Gerhard Meier u. Franz M\u00fcller (SV Laim)<\/li>\n<li>Fotos: <a href=\"https:\/\/www.stoegerfotografie.com\/\" target=\"_blank\">Josef St\u00f6ger<\/a><\/li>\n<li>Sprecher:\u00a0 Franz M\u00fcller (2011, 2013), Simone Faust (2016)<\/li>\n<li>Grafik u. Schnitt: Toni Ziegler<\/li>\n<li>Format: HD<\/li>\n<li>Filml\u00e4nge: 0:15 min<\/li>\n<li>Produktion: 2011, 2013, 2016<\/li>\n<\/ul>\n<p><iframe loading=\"lazy\" hcb-fetch-image-from=\"https:\/\/www.youtube.com\/watch?v=ljmsmP7kRCo\" width=\"720\" height=\"405\" src=\"https:\/\/www.youtube.com\/embed\/ljmsmP7kRCo?feature=oembed\" frameborder=\"0\" allow=\"autoplay; encrypted-media\" allowfullscreen><\/iframe><\/p>\n<p>&nbsp;<\/p>\n<h3>NEUES REX Filmtheater<\/h3>\n<p>Willkommensgru\u00df f\u00fcr das <a href=\"http:\/\/www.web.neuesrex.de\/\" target=\"_blank\">Neue Rex Filmtheater<\/a> in M\u00fcnchen-Laim und Werbung f\u00fcr die im Kino angebotene Bonuscard.<\/p>\n<ul>\n<li>Leitung: Toni Ziegler<\/li>\n<li>Drehbuch: Thomas Willhelm, Toni Ziegler<\/li>\n<li>Regie und Kamera: Toni Ziegler<\/li>\n<li>Sprecher: <a href=\"https:\/\/www.andi-weiss.de\/\" target=\"_blank\">Andi Weiss<\/a><\/li>\n<li>Schnitt: Toni Ziegler<\/li>\n<li>Format: HD<\/li>\n<\/ul>\n<p>Bonuscard-Werbung f\u00fcr das <a href=\"http:\/\/www.web.neuesrex.de\/\" target=\"_blank\">NEUE REX<\/a> und <a href=\"http:\/\/www.web.cincinnati-muenchen.de\/\" target=\"_blank\">CINCINNATI<\/a><\/p>\n<ul>\n<li>Filml\u00e4nge: 0:35 min<\/li>\n<li>Fotos und Grafiken: Neues Rex Kino<\/li>\n<li>Produktion: 2009<\/li>\n<\/ul>\n<p><iframe loading=\"lazy\" hcb-fetch-image-from=\"https:\/\/www.youtube.com\/watch?v=RzM1UugWeIw&amp;feature=player_embedded\" width=\"720\" height=\"405\" src=\"https:\/\/www.youtube.com\/embed\/RzM1UugWeIw?feature=oembed\" frameborder=\"0\" allow=\"autoplay; encrypted-media\" allowfullscreen><\/iframe><\/p>\n<h3><\/h3>\n<h4>&#8212;&#8212;&#8212;&#8212;&#8212;&#8212;&#8212;&#8212;&#8212;&#8212;&#8212;&#8212;&#8212;&#8212;&#8212;&#8212;&#8212;&#8212;&#8212;&#8212;&#8212;&#8212;&#8212;&#8212;&#8212;&#8212;&#8212;&#8212;&#8212;&#8212;&#8212;&#8212;<\/h4>\n<h3>Konzert- und Livemitschnitte<\/h3>\n<p>Professionelle Liveaufzeichnung mit mehreren Kameras und perfekten Ton von Konzerten, Musicals und Theaterauff\u00fchrungen. Individuelle Anpassung an der Gegebenheiten und optimale Aufnahmen aus mehreren Blickwinkeln und direkter Tonaufzeichnung. Anschlie\u00dfende Postproduktion f\u00fcr die Weiterverwertung auf Social Media Plattformen und YouTube sowie Sendebanderstellung.<\/p>\n<p>Ausschnitte aus den Liveaufzeichnungen finden hier:<img loading=\"lazy\" decoding=\"async\" class=\"wp-image-654 alignright\" src=\"https:\/\/tz-videoproduktion.de\/wp-content\/uploads\/DSC_0447-e1490487858414-169x300.jpg\" alt=\"DSC_0447\" width=\"266\" height=\"472\" srcset=\"https:\/\/tz-videoproduktion.de\/wp-content\/uploads\/DSC_0447-e1490487858414-169x300.jpg 169w, https:\/\/tz-videoproduktion.de\/wp-content\/uploads\/DSC_0447-e1490487858414-576x1024.jpg 576w\" sizes=\"auto, (max-width: 266px) 100vw, 266px\" \/><\/p>\n<p><a href=\"https:\/\/www.youtube.com\/channel\/UCEJc3EU-xYysey1QRJPMlaw\" target=\"_blank\">Youtube Kanal von Andi Weiss<\/a><\/p>\n<p><a href=\"https:\/\/www.youtube.com\/channel\/UCHWmjtt8eXY9rBVrlRI_kvg\" target=\"_blank\">Youtube Kanal von Patrick Gr\u00f6nwald<\/a><\/p>\n<ul>\n<li>K\u00fcnstler: <a href=\"https:\/\/www.andi-weiss.de\/\" target=\"_blank\">Andi Weiss<\/a> (2014, 2016) und <a href=\"https:\/\/www.martina-musik.de\" target=\"_blank\">Martina Weiss<\/a> (2016), <a href=\"https:\/\/www.gr\u00f6nwald.de\/\" target=\"_blank\">Patrick Gr\u00f6nwald<\/a> (2014)<\/li>\n<li>Drehort: Theaterzelt &#8222;Das Schloss&#8220; in M\u00fcnchen<\/li>\n<li>Kamera: Isabella Mayrhofer und Toni Ziegler<\/li>\n<li>Schnitt: Toni Ziegler<\/li>\n<li>Konzerte 2014 und 2016<\/li>\n<li>Weiterverwertung: YouTube, Bibel TV, Facebook<\/li>\n<\/ul>\n<p><a href=\"https:\/\/www.youtube.com\/watch?v=lgdn5OQHhcA\" target=\"_blank\">Vortrag von Prof. Dr. Siegfried Zimmer<\/a><\/p>\n<ul>\n<li>Referent: <a href=\"https:\/\/siegfriedzimmer.de\/\" target=\"_blank\">Prof. Dr. Siegfried Zimmer<\/a><\/li>\n<li>Drehort: Evang.-Luth. Kirchengemeinde Garching, Laudatekirche<\/li>\n<li>Kamera u. Schnitt: Toni Ziegler<\/li>\n<li>Vortrag vom 20.07.2016<\/li>\n<li>Leitung: <a href=\"https:\/\/bedingungs-los.de\/\" target=\"_blank\">Verein \u201cbedingungs-los\u201d<\/a><\/li>\n<\/ul>\n<p>&nbsp;<\/p>\n<h4>&#8212;&#8212;&#8212;&#8212;&#8212;&#8212;&#8212;&#8212;&#8212;&#8212;&#8212;&#8212;&#8212;&#8212;&#8212;&#8212;&#8212;&#8212;&#8212;&#8212;&#8212;&#8212;&#8212;&#8212;&#8212;&#8212;&#8212;&#8212;&#8212;&#8212;&#8212;&#8212;<\/h4>\n<h3>Hochzeitstrailer<\/h3>\n<p>Unauff\u00e4llig und professionell filme ich beim Standesamt, in der Kirche und auf der Feier, damit sie keine verwackelten Aufnahmen aus der Kirchenbank bekommen.<\/p>\n<p>In dem Trailer k\u00f6nnen Sie sich von der Qualit\u00e4t der Aufnahmen \u00fcberzeugen!<\/p>\n<p><iframe loading=\"lazy\" hcb-fetch-image-from=\"https:\/\/vimeo.com\/7140416\" src=\"https:\/\/player.vimeo.com\/video\/7140416?app_id=122963\" width=\"720\" height=\"405\" frameborder=\"0\" title=\"Trailer Hochzeitsvideo\" webkitallowfullscreen mozallowfullscreen allowfullscreen><\/iframe><\/p>\n<h3><\/h3>\n<h4>&#8212;&#8212;&#8212;&#8212;&#8212;&#8212;&#8212;&#8212;&#8212;&#8212;&#8212;&#8212;&#8212;&#8212;&#8212;&#8212;&#8212;&#8212;&#8212;&#8212;&#8212;&#8212;&#8212;&#8212;&#8212;&#8212;&#8212;&#8212;&#8212;&#8212;&#8212;&#8212;<\/h4>\n<h3>Einspielungen f\u00fcr Gottesdienste<\/h3>\n<p>Seit 2004 produziere ich ehrenamtlich\u00a0in Zusammenarbeit mit Diakon Andi Weiss und der PG-Jugend Videoclips f\u00fcr den Weihnachtsgottesdienst in der Paul-Garhardt-Kirche. Die Videoclips sind ein Teil des gesamten Weihnachtsanspiel. Mit den Ideen und dem Drehbuch vom Diakon Andi Weiss drehen wir in den R\u00e4umen der Gemeinde vor einem Greenscreen um die Clips flexible zu gestalten. Mit Grafikanimationen werden die Videclips zus\u00e4tzlich aufgewertet. Darsteller sind junge und \u00e4ltere Gemeindemitglieder.<\/p>\n<ul>\n<li>Leitung: Diakon Andi Wei\u00df<\/li>\n<li>Filmidee: Andi Wei\u00df<\/li>\n<li>Drehbuch: Toni Ziegler<\/li>\n<li>Regie und Kamera: Toni Ziegler<\/li>\n<li>Sprecher: Andi Wei\u00df<\/li>\n<li>Schnitt: Toni Ziegler<\/li>\n<\/ul>\n<ul>\n<li>Filml\u00e4nge: 3 min<\/li>\n<li>Drehort: Paul-Gerhardt-Kirche und in den Stra\u00dfen von Laim<\/li>\n<li>Produktion: seit 2004<\/li>\n<li>zu sehen an Heilig Abend um 16:00 in der Paul-Gerhardt-Kirche in M\u00fcnchen<\/li>\n<\/ul>\n<h3><img loading=\"lazy\" decoding=\"async\" class=\"alignnone size-full wp-image-590\" src=\"https:\/\/tz-videoproduktion.de\/wp-content\/uploads\/VideoGodi.jpg\" alt=\"VideoGodi\" width=\"720\" height=\"482\" srcset=\"https:\/\/tz-videoproduktion.de\/wp-content\/uploads\/VideoGodi.jpg 720w, https:\/\/tz-videoproduktion.de\/wp-content\/uploads\/VideoGodi-300x201.jpg 300w, https:\/\/tz-videoproduktion.de\/wp-content\/uploads\/VideoGodi-272x182.jpg 272w\" sizes=\"auto, (max-width: 720px) 100vw, 720px\" \/><\/h3>\n<h4>&#8212;&#8212;&#8212;&#8212;&#8212;&#8212;&#8212;&#8212;&#8212;&#8212;&#8212;&#8212;&#8212;&#8212;&#8212;&#8212;&#8212;&#8212;&#8212;&#8212;&#8212;&#8212;&#8212;&#8212;&#8212;&#8212;&#8212;&#8212;&#8212;&#8212;&#8212;&#8212;<\/h4>\n<h3>Werbevideo \u201cOpen-Air Fechheim\u201d<\/h3>\n<p>Das Werbevideo ist f\u00fcr das Open-Air-Festival der Gemeinde Fechheim produziert worden und soll als Erinnerung an das \u201cScheunen-Openair\u201d dienen.<\/p>\n<ul>\n<li>Leitung: Tanja Pfisterer, Steffen Haida<\/li>\n<li>Drehbuch: Tanja Pfisterer<\/li>\n<li>Regie und Kamera: Toni Ziegler<\/li>\n<li>Moderatorin: Tanja Pfisterer<\/li>\n<li>Schnitt: Toni Ziegler<\/li>\n<li>Assistentin: Sophia Karabensch<\/li>\n<\/ul>\n<ul>\n<li>Filml\u00e4nge: 13 min<\/li>\n<li>Drehort: Gel\u00e4nde der Gemeinde Frechheim<\/li>\n<li>Produktion: 2006<\/li>\n<\/ul>\n<p><iframe loading=\"lazy\" hcb-fetch-image-from=\"https:\/\/vimeo.com\/26417102\" src=\"https:\/\/player.vimeo.com\/video\/26417102?app_id=122963\" width=\"720\" height=\"405\" frameborder=\"0\" title=\"OpenAir Fechheim 2006\" webkitallowfullscreen mozallowfullscreen allowfullscreen><\/iframe><\/p>\n<h3><\/h3>\n<h4>&#8212;&#8212;&#8212;&#8212;&#8212;&#8212;&#8212;&#8212;&#8212;&#8212;&#8212;&#8212;&#8212;&#8212;&#8212;&#8212;&#8212;&#8212;&#8212;&#8212;&#8212;&#8212;&#8212;&#8212;&#8212;&#8212;&#8212;&#8212;&#8212;&#8212;&#8212;&#8212;<\/h4>\n<h3>Zivilfahnder sucht Filmemacher!<\/h3>\n<p>\u201cZivilfahnder sucht Filmemacher\u201d wurde von der Polizei Bayern als Sch\u00fclerwettbewerb ausgeschrieben. Dabei sollte ein 60 sek\u00fcndiger TV-Spot zum Thema \u201cGegen Rechtsextremismus und seine neuen Erscheinungsformen\u201d gedreht werden.<br \/>\nDie Jugendlichen der Jugendgruppe haben daf\u00fcr ein Drehbuch geschrieben und selbst als Schauspieler mitgewirkt.<\/p>\n<ul>\n<li>Leitung: Patrick Gr\u00f6nwald<\/li>\n<li>Drehbuch: PG Jugendgruppe<\/li>\n<li>Regie und Kamera: Toni Ziegler<\/li>\n<li>Schnitt: Toni Ziegler<\/li>\n<\/ul>\n<ul>\n<li>Sendetermin: 23.9.07 auf TV M\u00fcnchen (Wdh. 29.9.07 auf M\u00fcnchen2)<\/li>\n<\/ul>\n<ul>\n<li>Filml\u00e4nge: Kurzfassung: 0:59 min, Langfassung: 3:00 min<\/li>\n<li>Drehort: Paul-Gerhardt-Kirche<\/li>\n<li>Produktion: 2007<\/li>\n<\/ul>\n<p><iframe loading=\"lazy\" hcb-fetch-image-from=\"https:\/\/vimeo.com\/25838021\" src=\"https:\/\/player.vimeo.com\/video\/25838021?app_id=122963\" width=\"720\" height=\"405\" frameborder=\"0\" title=\"Zivilfahnder sucht Filmemacher\" webkitallowfullscreen mozallowfullscreen allowfullscreen><\/iframe><\/p>\n<p>&nbsp;<\/p>\n<p>&#8212;&#8212;&#8212;&#8212;&#8212;&#8212;&#8212;&#8212;&#8212;&#8212;&#8212;&#8212;&#8212;&#8212;&#8212;&#8212;&#8212;&#8212;&#8212;&#8212;&#8212;&#8212;&#8212;&#8212;&#8212;&#8212;&#8212;&#8212;&#8212;&#8212;&#8212;&#8212;<\/p>\n<h3>Abenteuerspielplatz Neuhausen<\/h3>\n<p>F\u00fcr den <a href=\"http:\/\/asp-neuhausen.de\/index.php?id=64\" target=\"_blank\">Abenteuerspielplatz Neuhausen <\/a>wurde ein neues Imagevideo unter der Leitung von Lena Kreitmeier gedreht. Dabei werden alle wesentlichen Elemente und Angebote des Spielplatzes dargestellt. Die Aufnahmen erfolgten im Rahmen des &#8222;Tag der offenen T\u00fcr 2013&#8220; sowie einzelner Kinder mit Einverst\u00e4ndniserkl\u00e4rung. Die Produktion ist durch ehrenamtlichen Einsatz entstanden.<\/p>\n<ul>\n<li>Leitung: Lena Kreitmeier<\/li>\n<li>Drehbuch: Lena Kreitmeier<\/li>\n<li>Regie und Kamera: Toni Ziegler<\/li>\n<li>Schnitt: Toni Ziegler<\/li>\n<\/ul>\n<ul>\n<li>Filml\u00e4nge:\u00a05 min<\/li>\n<li>Drehort: Abenteuerspielplatz Neuhausen<\/li>\n<li>Produktion 2013<\/li>\n<\/ul>\n<h4><\/h4>\n<p>&nbsp;<\/p>\n<p>&nbsp;<\/p>\n","protected":false},"excerpt":{"rendered":"<p>Liebeskummer Liebeskummer ist mein erster, selbst produzierter Film und der Anfang meiner Videoleidenschaft. Um den Aufwand bei der Produktion gering zu halten, ist der Film aus Legoteilen entstanden. Dazu wurde die Kulissen aus Lego aufgebaut und als Darsteller Legofiguren verwendet. Mit Einzelbildern ist dadurch ein 3 min\u00fctiger Legofilm entstanden. Die Einzelbilder wurden mit einem Digitalfoto [&hellip;]<\/p>\n","protected":false},"author":2,"featured_media":0,"parent":0,"menu_order":0,"comment_status":"closed","ping_status":"closed","template":"","meta":{"ngg_post_thumbnail":0,"footnotes":""},"class_list":["post-11","page","type-page","status-publish","hentry","post"],"_links":{"self":[{"href":"https:\/\/tz-videoproduktion.de\/index.php?rest_route=\/wp\/v2\/pages\/11","targetHints":{"allow":["GET"]}}],"collection":[{"href":"https:\/\/tz-videoproduktion.de\/index.php?rest_route=\/wp\/v2\/pages"}],"about":[{"href":"https:\/\/tz-videoproduktion.de\/index.php?rest_route=\/wp\/v2\/types\/page"}],"author":[{"embeddable":true,"href":"https:\/\/tz-videoproduktion.de\/index.php?rest_route=\/wp\/v2\/users\/2"}],"replies":[{"embeddable":true,"href":"https:\/\/tz-videoproduktion.de\/index.php?rest_route=%2Fwp%2Fv2%2Fcomments&post=11"}],"version-history":[{"count":7,"href":"https:\/\/tz-videoproduktion.de\/index.php?rest_route=\/wp\/v2\/pages\/11\/revisions"}],"predecessor-version":[{"id":720,"href":"https:\/\/tz-videoproduktion.de\/index.php?rest_route=\/wp\/v2\/pages\/11\/revisions\/720"}],"wp:attachment":[{"href":"https:\/\/tz-videoproduktion.de\/index.php?rest_route=%2Fwp%2Fv2%2Fmedia&parent=11"}],"curies":[{"name":"wp","href":"https:\/\/api.w.org\/{rel}","templated":true}]}}